{"id":147,"date":"2013-04-13T08:06:49","date_gmt":"2013-04-13T06:06:49","guid":{"rendered":"http:\/\/www.psk-hagen-und-maerkischer-kreis.de\/?page_id=147"},"modified":"2024-02-23T23:18:15","modified_gmt":"2024-02-23T21:18:15","slug":"pinscher-schnauzer-klub","status":"publish","type":"page","link":"https:\/\/www.psk-hagen-und-maerkischer-kreis.de\/pinscher-schnauzer-klub\/","title":{"rendered":"Pinscher-Schnauzer-Klub 1895 e.V. Ortgruppe Hagen und MK"},"content":{"rendered":"<p>Der <strong>Pinscher-Schnauzer-Klub 1895 e.V<\/strong> ist der allein anerkannte Rassezuchtverein f\u00fcr alle Pinscher Schnauzer Rassen im Verband f\u00fcr das Deutsche Hundewesen e.V. ( VDH ), Herausgeber und Eigent\u00fcmer des Zuchtbuches, das von allen f\u00fchrenden kynologischen Organisationen des In- und Auslandes (VDH, FCI, AKC, usw.) als g\u00fcltig und ma\u00dfgebend anerkannt ist.<\/p>\r\n<p>Zu unseren Rassen geh\u00f6ren der Affenpinscher, Zwergpinscher, Deutscher Pinscher, Zwergschnauzer, Schnauzer und Riesenschnauzer.<\/p>\r\n<p>Innerhalb Deutschlands gibt es mehrere Landesgruppen, die weiter in Ortsgruppen unterteilt werden.<\/p>\r\n<p>Der <strong>Pinscher-Schnauzer-Klub 1895 e.V., Ortsgruppe Hagen und MK<\/strong> (09\/15) ist eine Ortsgruppe der Landesgruppe Westfalen und wurde im Jahr 1974 gegr\u00fcndet.<\/p>\r\n<p>In unserer Ortsgruppe wird besonderer Wert auf artgerechten Hundesport gelegt.<\/p>\r\n<p>Der Hundesport soll dazu beitragen, die nat\u00fcrlichen Bed\u00fcrfnisse unserer Hunde zu befriedigen und sie durch artgerechte Besch\u00e4ftigung sinnvoll k\u00f6rperlich, wie auch geistig zu fordern.<\/p>\r\n<p>Durch den Sport entsteht im Idealfall die gr\u00f6\u00dftm\u00f6gliche Harmonie zwischen Mensch und Hund, was uns in die Lage versetzt, unsere Hunde auch in schwierigen Situationen ruhig und kontrolliert zu f\u00fchren.<\/p>\r\n<p>Auf unserer Anlage trainieren nicht nur Pinscher und Schnauzer. Mischlingshunde und auch Hunde fremder Rassen sind bei uns selbstverst\u00e4ndlich willkommen.<\/p>\r\n<p>In einer angenehmen Atmosph\u00e4re wird in unserem Verein die Geselligkeit gro\u00dfgeschrieben.<\/p>\r\n<p>Dies wird durch verschiedene Zusammenk\u00fcnfte gef\u00f6rdert, wozu sich unser Klubhaus als Treffpunkt anbietet.<\/p>\r\n<p>Haben wir Eure Neugierde geweckt, kommt vorbei, wir freuen uns auf Euren Besuch!<\/p>\r\n<p><a href=\"http:\/\/www.psk-hagen-und-maerkischer-kreis.de\/wp-content\/uploads\/2018\/06\/Vereinsheim-neu.jpg\"><img loading=\"lazy\" decoding=\"async\" class=\"alignnone size-full wp-image-4150\" src=\"http:\/\/www.psk-hagen-und-maerkischer-kreis.de\/wp-content\/uploads\/2018\/06\/Vereinsheim-neu.jpg\" alt=\"\" width=\"850\" height=\"566\" srcset=\"https:\/\/www.psk-hagen-und-maerkischer-kreis.de\/wp-content\/uploads\/2018\/06\/Vereinsheim-neu.jpg 850w, https:\/\/www.psk-hagen-und-maerkischer-kreis.de\/wp-content\/uploads\/2018\/06\/Vereinsheim-neu-451x300.jpg 451w, https:\/\/www.psk-hagen-und-maerkischer-kreis.de\/wp-content\/uploads\/2018\/06\/Vereinsheim-neu-600x400.jpg 600w, https:\/\/www.psk-hagen-und-maerkischer-kreis.de\/wp-content\/uploads\/2018\/06\/Vereinsheim-neu-768x511.jpg 768w\" sizes=\"auto, (max-width: 850px) 100vw, 850px\" \/><\/a><\/p>\r\n<p>&nbsp;<\/p>\r\n<p>Wir bieten an:<\/p>\r\n<p>&#8211; BH\/VT (Begleithund\/Verhaltenstest)<br>&#8211; FPr 1-3 (F\u00e4hrtenausbildung)<br>&#8211; IGP 1-3 (F\u00e4hrte &#8211; Unterordnung &#8211; Schutzdienst)<br>&#8211; Upr (Unterordnungspr\u00fcfung)<br>&#8211; VPG-A (Unterordnungspr\u00fcfung &#8211; Schutzdienst)<\/p>\r\n<p>Unsere Trainingszeiten:<\/p>\r\n<p>Mittwoch: 17:00 &#8211; 21:00 Uhr&nbsp; &nbsp; &nbsp;Unterordnung\/Schutzdienst<\/p>\r\n<p>Samstag:&nbsp; &nbsp; 15:00 &#8211; 21:00 Uhr&nbsp; &nbsp; &nbsp;Unterordnung\/Schutzdienst<\/p>\r\n<p>Sonntag:&nbsp; &nbsp; 10:00 &#8211; 13:00 Uhr&nbsp; &nbsp; &nbsp; Unterordnung\/Schutzdienst<\/p>\r\n<p>F\u00e4hrtenausbildung nach Absprache<\/p>\r\n<p>&nbsp;<\/p>\r\n\r\n<p>&nbsp;<\/p>\r\n","protected":false},"excerpt":{"rendered":"<p>Der Pinscher-Schnauzer-Klub 1895 e.V ist der allein anerkannte Rassezuchtverein f\u00fcr alle Pinscher Schnauzer Rassen im Verband f\u00fcr das Deutsche Hundewesen e.V. ( VDH ), Herausgeber und Eigent\u00fcmer des Zuchtbuches, das von allen f\u00fchrenden kynologischen Organisationen des In- und Auslandes (VDH, FCI, AKC, usw.) als g\u00fcltig und ma\u00dfgebend anerkannt ist. Zu unseren Rassen geh\u00f6ren der Affenpinscher, &hellip; <a href=\"https:\/\/www.psk-hagen-und-maerkischer-kreis.de\/pinscher-schnauzer-klub\/\" class=\"more-link\"><span class=\"screen-reader-text\">Pinscher-Schnauzer-Klub 1895 e.V. Ortgruppe Hagen und MK<\/span> weiterlesen <span class=\"meta-nav\">&rarr;<\/span><\/a><\/p>\n","protected":false},"author":2,"featured_media":0,"parent":0,"menu_order":1,"comment_status":"closed","ping_status":"closed","template":"","meta":{"ngg_post_thumbnail":0,"footnotes":""},"class_list":["post-147","page","type-page","status-publish","hentry"],"_links":{"self":[{"href":"https:\/\/www.psk-hagen-und-maerkischer-kreis.de\/wp-json\/wp\/v2\/pages\/147","targetHints":{"allow":["GET"]}}],"collection":[{"href":"https:\/\/www.psk-hagen-und-maerkischer-kreis.de\/wp-json\/wp\/v2\/pages"}],"about":[{"href":"https:\/\/www.psk-hagen-und-maerkischer-kreis.de\/wp-json\/wp\/v2\/types\/page"}],"author":[{"embeddable":true,"href":"https:\/\/www.psk-hagen-und-maerkischer-kreis.de\/wp-json\/wp\/v2\/users\/2"}],"replies":[{"embeddable":true,"href":"https:\/\/www.psk-hagen-und-maerkischer-kreis.de\/wp-json\/wp\/v2\/comments?post=147"}],"version-history":[{"count":0,"href":"https:\/\/www.psk-hagen-und-maerkischer-kreis.de\/wp-json\/wp\/v2\/pages\/147\/revisions"}],"wp:attachment":[{"href":"https:\/\/www.psk-hagen-und-maerkischer-kreis.de\/wp-json\/wp\/v2\/media?parent=147"}],"curies":[{"name":"wp","href":"https:\/\/api.w.org\/{rel}","templated":true}]}}